{"id":1958,"date":"2023-09-02T13:50:59","date_gmt":"2023-09-02T11:50:59","guid":{"rendered":"https:\/\/telcos-kst.de\/purspeed\/?page_id=1958"},"modified":"2023-09-13T12:02:24","modified_gmt":"2023-09-13T10:02:24","slug":"kombi","status":"publish","type":"page","link":"https:\/\/telcos-kst.de\/purspeed\/tarife\/kombi\/","title":{"rendered":"Kombi"},"content":{"rendered":"<div id=\"pl-1958\"  class=\"panel-layout\" ><div id=\"pg-1958-0\"  class=\"panel-grid panel-has-style\" ><div class=\"siteorigin-panels-stretch panel-row-style panel-row-style-for-1958-0\" data-stretch-type=\"full-stretched\" ><div id=\"pgc-1958-0-0\"  class=\"panel-grid-cell\" ><div id=\"panel-1958-0-0-0\" class=\"so-panel widget widget_sow-image panel-first-child panel-last-child\" data-index=\"0\" ><div\n\t\t\t\n\t\t\tclass=\"so-widget-sow-image so-widget-sow-image-default-8b5b6f678277-1958\"\n\t\t\t\n\t\t>\n<div class=\"sow-image-container\">\n\t\t<img \n\tsrc=\"https:\/\/telcos-kst.de\/wp-content\/uploads\/2023\/09\/Kombi-So_2023.png\" width=\"1584\" height=\"396\" srcset=\"https:\/\/telcos-kst.de\/wp-content\/uploads\/2023\/09\/Kombi-So_2023.png 1584w, https:\/\/telcos-kst.de\/wp-content\/uploads\/2023\/09\/Kombi-So_2023-300x75.png 300w, https:\/\/telcos-kst.de\/wp-content\/uploads\/2023\/09\/Kombi-So_2023-1024x256.png 1024w, https:\/\/telcos-kst.de\/wp-content\/uploads\/2023\/09\/Kombi-So_2023-768x192.png 768w, https:\/\/telcos-kst.de\/wp-content\/uploads\/2023\/09\/Kombi-So_2023-1536x384.png 1536w\" sizes=\"(max-width: 1584px) 100vw, 1584px\" title=\"Kombi So_2023\" alt=\"\" \t\tclass=\"so-widget-image\"\/>\n\t<\/div>\n\n<\/div><\/div><\/div><\/div><\/div><div id=\"pg-1958-1\"  class=\"panel-grid panel-no-style\" ><div id=\"pgc-1958-1-0\"  class=\"panel-grid-cell panel-grid-cell-empty\" ><\/div><div id=\"pgc-1958-1-1\"  class=\"panel-grid-cell panel-grid-cell-empty\" ><\/div><div id=\"pgc-1958-1-2\"  class=\"panel-grid-cell panel-grid-cell-empty panel-grid-cell-mobile-last\" ><\/div><div id=\"pgc-1958-1-3\"  class=\"panel-grid-cell panel-grid-cell-empty\" ><\/div><\/div><div id=\"pg-1958-2\"  class=\"panel-grid panel-no-style\" ><div id=\"pgc-1958-2-0\"  class=\"panel-grid-cell panel-grid-cell-empty\" ><\/div><div id=\"pgc-1958-2-1\"  class=\"panel-grid-cell\" ><div id=\"panel-1958-2-1-0\" class=\"widget_text so-panel widget widget_custom_html panel-first-child\" data-index=\"1\" ><div class=\"widget_text panel-widget-style panel-widget-style-for-1958-2-1-0\" ><div class=\"textwidget custom-html-widget\"><h2 style=\"text-align: center;\"><strong><span style=\"color: #de0b47;\">KOMBI 1.000<br \/><img loading=\"lazy\" decoding=\"async\" src=\"https:\/\/telcos-kst.de\/wp-content\/uploads\/2023\/09\/K1000_SO2023.png\" alt=\"\" width=\"150\" height=\"75\" \/><\/span><\/strong><span style=\"color: #de0b47;\"><br \/><\/span><\/h2><\/div><\/div><\/div><div id=\"panel-1958-2-1-1\" class=\"widget_text so-panel widget widget_custom_html panel-last-child\" data-index=\"2\" ><div class=\"widget_text panel-widget-style panel-widget-style-for-1958-2-1-1\" ><div class=\"textwidget custom-html-widget\"><p style=\"text-align: center;\"><img loading=\"lazy\" decoding=\"async\" src=\"https:\/\/telcos-kst.de\/wp-content\/uploads\/2023\/09\/Internet_Button3.png\" alt=\"\" width=\"43\" height=\"43\" \/><br \/>1000 Mbit\/s Download<br \/>50 Mbit\/s Upload<\/p>\n<p style=\"text-align: center;\"><img loading=\"lazy\" decoding=\"async\" src=\"https:\/\/telcos-kst.de\/wp-content\/uploads\/2023\/09\/TV_Button2.png\" alt=\"\" width=\"43\" height=\"43\" \/><br \/>Basis TV + HDTV<br \/><span style=\"color: #9ad21c;\"><strong>73 HD Sender<\/strong><\/span><br \/><br \/>Bis zu 94 TV-Sender insgesamt,<br \/>davon 42 &ouml;ffentlich-rechtliche und<br \/>31 private Sender in HD-Qualit&auml;t <a href=\"https:\/\/telcos-kst.de\/wp-content\/uploads\/2023\/09\/HDTV.png\">\u24d8<\/a><\/p>\n<p style=\"text-align: center;\"><strong><span style=\"color: #9ad21c;\">Inklusive<\/span><\/strong><br \/>CI+ Modul<\/p>\n<p style=\"text-align: center;\"><img loading=\"lazy\" decoding=\"async\" style=\"display: block; margin-left: auto; margin-right: auto;\" src=\"https:\/\/telcos-kst.de\/wp-content\/uploads\/2023\/09\/Telefon_Button3.png\" alt=\"\" width=\"43\" height=\"43\" \/>Deutschland Festnetzflat<\/p><\/div><\/div><\/div><\/div><div id=\"pgc-1958-2-2\"  class=\"panel-grid-cell\" ><div id=\"panel-1958-2-2-0\" class=\"widget_text so-panel widget widget_custom_html panel-first-child\" data-index=\"3\" ><div class=\"widget_text panel-widget-style panel-widget-style-for-1958-2-2-0\" ><div class=\"textwidget custom-html-widget\"><h2 style=\"text-align: center;\"><strong><span style=\"color: #de0b47;\">KOMBI 400<br \/><img decoding=\"async\" src=\"https:\/\/telcos-kst.de\/wp-content\/uploads\/2023\/09\/K400-_SO2023.png\" alt=\"\" \/><\/span><\/strong><span style=\"color: #de0b47;\"><br \/><\/span><\/h2><\/div><\/div><\/div><div id=\"panel-1958-2-2-1\" class=\"widget_text so-panel widget widget_custom_html panel-last-child\" data-index=\"4\" ><div class=\"widget_text panel-widget-style panel-widget-style-for-1958-2-2-1\" ><div class=\"textwidget custom-html-widget\"><p style=\"text-align: center;\"><img loading=\"lazy\" decoding=\"async\" src=\"https:\/\/telcos-kst.de\/wp-content\/uploads\/2023\/09\/Internet_Button3.png\" alt=\"\" width=\"43\" height=\"43\" \/><br \/>400 Mbit\/s Download<br \/>20 Mbit\/s Upload<\/p>\n<p style=\"text-align: center;\"><img loading=\"lazy\" decoding=\"async\" src=\"https:\/\/telcos-kst.de\/wp-content\/uploads\/2023\/09\/TV_Button2.png\" alt=\"\" width=\"43\" height=\"43\" \/><br \/>Basis TV + HDTV<br \/><span style=\"color: #9ad21c;\"><strong>73 HD Sender<\/strong><\/span><br \/><br \/>Bis zu 94 TV-Sender insgesamt,<br \/>davon 42 &ouml;ffentlich-rechtliche und<br \/>31 private Sender in HD-Qualit&auml;t <a href=\"https:\/\/telcos-kst.de\/wp-content\/uploads\/2022\/05\/Beitrag-DLAN-Datenautobahn-B1-1.png\">\u24d8<\/a><\/p>\n<p style=\"text-align: center;\"><strong><span style=\"color: #9ad21c;\">Inklusive<\/span><\/strong><br \/>CI+ Modul<\/p>\n<p style=\"text-align: center;\"><img loading=\"lazy\" decoding=\"async\" style=\"display: block; margin-left: auto; margin-right: auto;\" src=\"https:\/\/telcos-kst.de\/wp-content\/uploads\/2023\/09\/Telefon_Button3.png\" alt=\"\" width=\"43\" height=\"43\" \/>Deutschland Festnetzflat<\/p><\/div><\/div><\/div><\/div><div id=\"pgc-1958-2-3\"  class=\"panel-grid-cell\" ><div id=\"panel-1958-2-3-0\" class=\"widget_text so-panel widget widget_custom_html panel-first-child\" data-index=\"5\" ><div class=\"widget_text panel-widget-style panel-widget-style-for-1958-2-3-0\" ><div class=\"textwidget custom-html-widget\"><h2 style=\"text-align: center;\"><strong><span style=\"color: #de0b47;\">KOMBI 250<br \/><img decoding=\"async\" src=\"https:\/\/telcos-kst.de\/wp-content\/uploads\/2023\/09\/K250_SO2023.png\" alt=\"\" \/><\/span><\/strong><span style=\"color: #de0b47;\"><br \/><\/span><\/h2><\/div><\/div><\/div><div id=\"panel-1958-2-3-1\" class=\"widget_text so-panel widget widget_custom_html panel-last-child\" data-index=\"6\" ><div class=\"widget_text panel-widget-style panel-widget-style-for-1958-2-3-1\" ><div class=\"textwidget custom-html-widget\"><p style=\"text-align: center;\"><img loading=\"lazy\" decoding=\"async\" src=\"https:\/\/telcos-kst.de\/wp-content\/uploads\/2023\/09\/Internet_Button3.png\" alt=\"\" width=\"43\" height=\"43\" \/><br \/>250 Mbit\/s Download<br \/>15 Mbit\/s Upload<\/p>\n<p style=\"text-align: center;\"><img loading=\"lazy\" decoding=\"async\" src=\"https:\/\/telcos-kst.de\/wp-content\/uploads\/2023\/09\/TV_Button2.png\" alt=\"\" width=\"43\" height=\"43\" \/><br \/>Basis TV + HDTV<br \/><span style=\"color: #9ad21c;\"><strong>73 HD Sender<\/strong><\/span><br \/><br \/>Bis zu 94 TV-Sender insgesamt,<br \/>davon 42 &ouml;ffentlich-rechtliche und<br \/>31 private Sender in HD-Qualit&auml;t <a href=\"https:\/\/telcos-kst.de\/wp-content\/uploads\/2022\/05\/Beitrag-DLAN-Datenautobahn-B1-1.png\">\u24d8<\/a><\/p>\n<p style=\"text-align: center;\"><strong><span style=\"color: #9ad21c;\">Inklusive<\/span><\/strong><br \/>CI+ Modul<\/p>\n<p style=\"text-align: center;\"><img loading=\"lazy\" decoding=\"async\" style=\"display: block; margin-left: auto; margin-right: auto;\" src=\"https:\/\/telcos-kst.de\/wp-content\/uploads\/2023\/09\/Telefon_Button3.png\" alt=\"\" width=\"43\" height=\"43\" \/>Deutschland Festnetzflat<\/p><\/div><\/div><\/div><\/div><div id=\"pgc-1958-2-4\"  class=\"panel-grid-cell panel-grid-cell-mobile-last\" ><div id=\"panel-1958-2-4-0\" class=\"widget_text so-panel widget widget_custom_html panel-first-child\" data-index=\"7\" ><div class=\"widget_text panel-widget-style panel-widget-style-for-1958-2-4-0\" ><div class=\"textwidget custom-html-widget\"><h2 style=\"text-align: center;\"><strong><span style=\"color: #de0b47;\">KOMBI 50<br \/><img loading=\"lazy\" decoding=\"async\" src=\"https:\/\/telcos-kst.de\/wp-content\/uploads\/2023\/09\/K50_SO2023.png\" alt=\"\" width=\"150\" height=\"75\" \/><\/span><\/strong><span style=\"color: #de0b47;\"><br \/><\/span><\/h2><\/div><\/div><\/div><div id=\"panel-1958-2-4-1\" class=\"widget_text so-panel widget widget_custom_html panel-last-child\" data-index=\"8\" ><div class=\"widget_text panel-widget-style panel-widget-style-for-1958-2-4-1\" ><div class=\"textwidget custom-html-widget\"><p style=\"text-align: center;\"><img loading=\"lazy\" decoding=\"async\" src=\"https:\/\/telcos-kst.de\/wp-content\/uploads\/2023\/09\/Internet_Button3.png\" alt=\"\" width=\"43\" height=\"43\" \/><br \/>50 Mbit\/s Download<br \/>5 Mbit\/s Upload<\/p>\n<p style=\"text-align: center;\"><img loading=\"lazy\" decoding=\"async\" src=\"https:\/\/telcos-kst.de\/wp-content\/uploads\/2023\/09\/TV_Button2.png\" alt=\"\" width=\"43\" height=\"43\" \/><br \/>Basis TV + HDTV<br \/><span style=\"color: #9ad21c;\"><strong>73 HD Sender<\/strong><\/span><br \/><br \/>Bis zu 94 TV-Sender insgesamt,<br \/>davon 42 &ouml;ffentlich-rechtliche und<br \/>31 private Sender in HD-Qualit&auml;t <a href=\"https:\/\/telcos-kst.de\/wp-content\/uploads\/2022\/05\/Beitrag-DLAN-Datenautobahn-B1-1.png\">\u24d8<\/a><\/p>\n<p style=\"text-align: center;\"><strong><span style=\"color: #9ad21c;\">Inklusive<\/span><\/strong><br \/>CI+ Modul<\/p>\n<p style=\"text-align: center;\"><img loading=\"lazy\" decoding=\"async\" style=\"display: block; margin-left: auto; margin-right: auto;\" src=\"https:\/\/telcos-kst.de\/wp-content\/uploads\/2023\/09\/Telefon_Button3.png\" alt=\"\" width=\"43\" height=\"43\" \/>Deutschland Festnetzflat<\/p><\/div><\/div><\/div><\/div><div id=\"pgc-1958-2-5\"  class=\"panel-grid-cell panel-grid-cell-empty\" ><\/div><\/div><div id=\"pg-1958-3\"  class=\"panel-grid panel-no-style\" ><div id=\"pgc-1958-3-0\"  class=\"panel-grid-cell panel-grid-cell-empty\" ><\/div><div id=\"pgc-1958-3-1\"  class=\"panel-grid-cell\" ><div id=\"panel-1958-3-1-0\" class=\"so-panel widget widget_text panel-first-child panel-last-child\" data-index=\"9\" >\t\t\t<div class=\"textwidget\"><p><span class=\"OYPEnA text-decoration-none text-strikethrough-none\">*Bei Buchung eines Produkts, das den Basis TV Anschluss \/ Kabelanschluss enth\u00e4lt, welcher \u00fcber die Mietnebenkosten abgerechnet wird, wird ein Rabatt in H\u00f6he von 10 \u20ac mtl. auf den Normalpreis gew\u00e4hrt. Der Rabatt entf\u00e4llt, sobald der Basis TV Anschluss \/ Kabelanschluss nicht mehr \u00fcber die Mietnebenkosten abgerechnet wird. Vor Wegfall des Rabattes wird entsprechend informiert. Der Rabatt wird nicht gew\u00e4hrt, wenn das mtl. Entgelt f\u00fcr das bei P\u0178UR direkt gebuchte Produkt weniger als 10 \u20ac betr\u00e4gt.<\/span><\/p>\n<\/div>\n\t\t<\/div><\/div><div id=\"pgc-1958-3-2\"  class=\"panel-grid-cell panel-grid-cell-empty panel-grid-cell-mobile-last\" ><\/div><div id=\"pgc-1958-3-3\"  class=\"panel-grid-cell panel-grid-cell-empty\" ><\/div><\/div><div id=\"pg-1958-4\"  class=\"panel-grid panel-no-style\" ><div id=\"pgc-1958-4-0\"  class=\"panel-grid-cell panel-grid-cell-empty\" ><\/div><div id=\"pgc-1958-4-1\"  class=\"panel-grid-cell\" ><div id=\"panel-1958-4-1-0\" class=\"so-panel widget widget_sow-image panel-first-child panel-last-child\" data-index=\"10\" ><div\n\t\t\t\n\t\t\tclass=\"so-widget-sow-image so-widget-sow-image-default-8b5b6f678277-1958\"\n\t\t\t\n\t\t>\n<div class=\"sow-image-container\">\n\t\t\t<a href=\"https:\/\/www.pyur.com\/privatkunden\/internet\/verfuegbarkeit.html\"\n\t\t\t\t\t>\n\t\t\t<img \n\tsrc=\"https:\/\/telcos-kst.de\/wp-content\/uploads\/2022\/06\/Verfuegbarkeit-pruefen-1.png\" width=\"344\" height=\"188\" srcset=\"https:\/\/telcos-kst.de\/wp-content\/uploads\/2022\/06\/Verfuegbarkeit-pruefen-1.png 344w, https:\/\/telcos-kst.de\/wp-content\/uploads\/2022\/06\/Verfuegbarkeit-pruefen-1-300x164.png 300w\" sizes=\"(max-width: 344px) 100vw, 344px\" title=\"Verf\u00fcgbarkeit pr\u00fcfen 1\" alt=\"\" \t\tclass=\"so-widget-image\"\/>\n\t\t\t<\/a><\/div>\n\n<\/div><\/div><\/div><div id=\"pgc-1958-4-2\"  class=\"panel-grid-cell panel-grid-cell-mobile-last\" ><div id=\"panel-1958-4-2-0\" class=\"so-panel widget widget_sow-image panel-first-child panel-last-child\" data-index=\"11\" ><div\n\t\t\t\n\t\t\tclass=\"so-widget-sow-image so-widget-sow-image-default-8b5b6f678277-1958\"\n\t\t\t\n\t\t>\n<div class=\"sow-image-container\">\n\t\t<img \n\tsrc=\"https:\/\/telcos-kst.de\/wp-content\/uploads\/2022\/06\/Jetzt-anrufen.png\" width=\"455\" height=\"150\" srcset=\"https:\/\/telcos-kst.de\/wp-content\/uploads\/2022\/06\/Jetzt-anrufen.png 455w, https:\/\/telcos-kst.de\/wp-content\/uploads\/2022\/06\/Jetzt-anrufen-300x99.png 300w\" sizes=\"(max-width: 455px) 100vw, 455px\" title=\"Button - Jetzt P\u0178UR Vertriebspartner anrufen und beraten lassen. - Internet - Kabel TV - Telefon - alles aus einer Hand\" alt=\"Jetzt anrufen und beraten lassen*\" \t\tclass=\"so-widget-image\"\/>\n\t<\/div>\n\n<\/div><\/div><\/div><div id=\"pgc-1958-4-3\"  class=\"panel-grid-cell panel-grid-cell-empty\" ><\/div><\/div><div id=\"pg-1958-5\"  class=\"panel-grid panel-no-style\" ><div id=\"pgc-1958-5-0\"  class=\"panel-grid-cell panel-grid-cell-empty\" ><\/div><\/div><\/div>","protected":false},"excerpt":{"rendered":"<p>KOMBI 1.0001000 Mbit\/s Download50 Mbit\/s Upload Basis TV + HDTV73 HD SenderBis zu 94 TV-Sender insgesamt,davon 42 &ouml;ffentlich-rechtliche und31 private Sender in HD-Qualit&auml;t \u24d8 InklusiveCI+ Modul Deutschland FestnetzflatKOMBI 400400 Mbit\/s Download20 Mbit\/s Upload Basis TV + HDTV73 HD SenderBis zu 94 TV-Sender insgesamt,davon 42 &ouml;ffentlich-rechtliche und31 private Sender in HD-Qualit&auml;t \u24d8 InklusiveCI+ Modul Deutschland FestnetzflatKOMBI [&hellip;]<\/p>\n","protected":false},"author":1,"featured_media":0,"parent":1847,"menu_order":0,"comment_status":"closed","ping_status":"closed","template":"","meta":{"footnotes":""},"class_list":["post-1958","page","type-page","status-publish","hentry","post"],"yoast_head":"<!-- This site is optimized with the Yoast SEO plugin v27.3 - https:\/\/yoast.com\/product\/yoast-seo-wordpress\/ -->\n<title>Kombi - P\u0178UR Vertriebspartner NRW<\/title>\n<meta name=\"robots\" content=\"index, follow, max-snippet:-1, max-image-preview:large, max-video-preview:-1\" \/>\n<link rel=\"canonical\" href=\"https:\/\/telcos-kst.de\/purspeed\/tarife\/kombi\/\" \/>\n<meta property=\"og:locale\" content=\"de_DE\" \/>\n<meta property=\"og:type\" content=\"article\" \/>\n<meta property=\"og:title\" content=\"Kombi - P\u0178UR Vertriebspartner NRW\" \/>\n<meta property=\"og:description\" content=\"KOMBI 1.0001000 Mbit\/s Download50 Mbit\/s Upload Basis TV + HDTV73 HD SenderBis zu 94 TV-Sender insgesamt,davon 42 &ouml;ffentlich-rechtliche und31 private Sender in HD-Qualit&auml;t \u24d8 InklusiveCI+ Modul Deutschland FestnetzflatKOMBI 400400 Mbit\/s Download20 Mbit\/s Upload Basis TV + HDTV73 HD SenderBis zu 94 TV-Sender insgesamt,davon 42 &ouml;ffentlich-rechtliche und31 private Sender in HD-Qualit&auml;t \u24d8 InklusiveCI+ Modul Deutschland FestnetzflatKOMBI [&hellip;]\" \/>\n<meta property=\"og:url\" content=\"https:\/\/telcos-kst.de\/purspeed\/tarife\/kombi\/\" \/>\n<meta property=\"og:site_name\" content=\"P\u0178UR Vertriebspartner NRW\" \/>\n<meta property=\"article:modified_time\" content=\"2023-09-13T10:02:24+00:00\" \/>\n<meta name=\"twitter:card\" content=\"summary_large_image\" \/>\n<meta name=\"twitter:label1\" content=\"Gesch\u00e4tzte Lesezeit\" \/>\n\t<meta name=\"twitter:data1\" content=\"2\u00a0Minuten\" \/>\n<script type=\"application\/ld+json\" class=\"yoast-schema-graph\">{\"@context\":\"https:\\\/\\\/schema.org\",\"@graph\":[{\"@type\":\"WebPage\",\"@id\":\"https:\\\/\\\/telcos-kst.de\\\/purspeed\\\/tarife\\\/kombi\\\/\",\"url\":\"https:\\\/\\\/telcos-kst.de\\\/purspeed\\\/tarife\\\/kombi\\\/\",\"name\":\"Kombi - P\u0178UR Vertriebspartner NRW\",\"isPartOf\":{\"@id\":\"https:\\\/\\\/telcos-kst.de\\\/purspeed\\\/#website\"},\"datePublished\":\"2023-09-02T11:50:59+00:00\",\"dateModified\":\"2023-09-13T10:02:24+00:00\",\"breadcrumb\":{\"@id\":\"https:\\\/\\\/telcos-kst.de\\\/purspeed\\\/tarife\\\/kombi\\\/#breadcrumb\"},\"inLanguage\":\"de\",\"potentialAction\":[{\"@type\":\"ReadAction\",\"target\":[\"https:\\\/\\\/telcos-kst.de\\\/purspeed\\\/tarife\\\/kombi\\\/\"]}]},{\"@type\":\"BreadcrumbList\",\"@id\":\"https:\\\/\\\/telcos-kst.de\\\/purspeed\\\/tarife\\\/kombi\\\/#breadcrumb\",\"itemListElement\":[{\"@type\":\"ListItem\",\"position\":1,\"name\":\"Startseite\",\"item\":\"https:\\\/\\\/telcos-kst.de\\\/purspeed\\\/\"},{\"@type\":\"ListItem\",\"position\":2,\"name\":\"Tarife\",\"item\":\"https:\\\/\\\/telcos-kst.de\\\/purspeed\\\/tarife\\\/\"},{\"@type\":\"ListItem\",\"position\":3,\"name\":\"Kombi\"}]},{\"@type\":\"WebSite\",\"@id\":\"https:\\\/\\\/telcos-kst.de\\\/purspeed\\\/#website\",\"url\":\"https:\\\/\\\/telcos-kst.de\\\/purspeed\\\/\",\"name\":\"P\u0178UR Vertriebspartner NRW\",\"description\":\"Internet - TV - Telefon - Multimedia f\u00fcr Ihr Zuhause\",\"publisher\":{\"@id\":\"https:\\\/\\\/telcos-kst.de\\\/purspeed\\\/#organization\"},\"potentialAction\":[{\"@type\":\"SearchAction\",\"target\":{\"@type\":\"EntryPoint\",\"urlTemplate\":\"https:\\\/\\\/telcos-kst.de\\\/purspeed\\\/?s={search_term_string}\"},\"query-input\":{\"@type\":\"PropertyValueSpecification\",\"valueRequired\":true,\"valueName\":\"search_term_string\"}}],\"inLanguage\":\"de\"},{\"@type\":\"Organization\",\"@id\":\"https:\\\/\\\/telcos-kst.de\\\/purspeed\\\/#organization\",\"name\":\"telcos - kundenservice f\u00fcr telekommunikation\",\"url\":\"https:\\\/\\\/telcos-kst.de\\\/purspeed\\\/\",\"logo\":{\"@type\":\"ImageObject\",\"inLanguage\":\"de\",\"@id\":\"https:\\\/\\\/telcos-kst.de\\\/purspeed\\\/#\\\/schema\\\/logo\\\/image\\\/\",\"url\":\"https:\\\/\\\/telcos-kst.de\\\/wp-content\\\/uploads\\\/2023\\\/09\\\/PPartner-1000-\u00d7-1000-px.png\",\"contentUrl\":\"https:\\\/\\\/telcos-kst.de\\\/wp-content\\\/uploads\\\/2023\\\/09\\\/PPartner-1000-\u00d7-1000-px.png\",\"width\":1000,\"height\":1000,\"caption\":\"telcos - kundenservice f\u00fcr telekommunikation\"},\"image\":{\"@id\":\"https:\\\/\\\/telcos-kst.de\\\/purspeed\\\/#\\\/schema\\\/logo\\\/image\\\/\"}}]}<\/script>\n<!-- \/ Yoast SEO plugin. -->","yoast_head_json":{"title":"Kombi - P\u0178UR Vertriebspartner NRW","robots":{"index":"index","follow":"follow","max-snippet":"max-snippet:-1","max-image-preview":"max-image-preview:large","max-video-preview":"max-video-preview:-1"},"canonical":"https:\/\/telcos-kst.de\/purspeed\/tarife\/kombi\/","og_locale":"de_DE","og_type":"article","og_title":"Kombi - P\u0178UR Vertriebspartner NRW","og_description":"KOMBI 1.0001000 Mbit\/s Download50 Mbit\/s Upload Basis TV + HDTV73 HD SenderBis zu 94 TV-Sender insgesamt,davon 42 &ouml;ffentlich-rechtliche und31 private Sender in HD-Qualit&auml;t \u24d8 InklusiveCI+ Modul Deutschland FestnetzflatKOMBI 400400 Mbit\/s Download20 Mbit\/s Upload Basis TV + HDTV73 HD SenderBis zu 94 TV-Sender insgesamt,davon 42 &ouml;ffentlich-rechtliche und31 private Sender in HD-Qualit&auml;t \u24d8 InklusiveCI+ Modul Deutschland FestnetzflatKOMBI [&hellip;]","og_url":"https:\/\/telcos-kst.de\/purspeed\/tarife\/kombi\/","og_site_name":"P\u0178UR Vertriebspartner NRW","article_modified_time":"2023-09-13T10:02:24+00:00","twitter_card":"summary_large_image","twitter_misc":{"Gesch\u00e4tzte Lesezeit":"2\u00a0Minuten"},"schema":{"@context":"https:\/\/schema.org","@graph":[{"@type":"WebPage","@id":"https:\/\/telcos-kst.de\/purspeed\/tarife\/kombi\/","url":"https:\/\/telcos-kst.de\/purspeed\/tarife\/kombi\/","name":"Kombi - P\u0178UR Vertriebspartner NRW","isPartOf":{"@id":"https:\/\/telcos-kst.de\/purspeed\/#website"},"datePublished":"2023-09-02T11:50:59+00:00","dateModified":"2023-09-13T10:02:24+00:00","breadcrumb":{"@id":"https:\/\/telcos-kst.de\/purspeed\/tarife\/kombi\/#breadcrumb"},"inLanguage":"de","potentialAction":[{"@type":"ReadAction","target":["https:\/\/telcos-kst.de\/purspeed\/tarife\/kombi\/"]}]},{"@type":"BreadcrumbList","@id":"https:\/\/telcos-kst.de\/purspeed\/tarife\/kombi\/#breadcrumb","itemListElement":[{"@type":"ListItem","position":1,"name":"Startseite","item":"https:\/\/telcos-kst.de\/purspeed\/"},{"@type":"ListItem","position":2,"name":"Tarife","item":"https:\/\/telcos-kst.de\/purspeed\/tarife\/"},{"@type":"ListItem","position":3,"name":"Kombi"}]},{"@type":"WebSite","@id":"https:\/\/telcos-kst.de\/purspeed\/#website","url":"https:\/\/telcos-kst.de\/purspeed\/","name":"P\u0178UR Vertriebspartner NRW","description":"Internet - TV - Telefon - Multimedia f\u00fcr Ihr Zuhause","publisher":{"@id":"https:\/\/telcos-kst.de\/purspeed\/#organization"},"potentialAction":[{"@type":"SearchAction","target":{"@type":"EntryPoint","urlTemplate":"https:\/\/telcos-kst.de\/purspeed\/?s={search_term_string}"},"query-input":{"@type":"PropertyValueSpecification","valueRequired":true,"valueName":"search_term_string"}}],"inLanguage":"de"},{"@type":"Organization","@id":"https:\/\/telcos-kst.de\/purspeed\/#organization","name":"telcos - kundenservice f\u00fcr telekommunikation","url":"https:\/\/telcos-kst.de\/purspeed\/","logo":{"@type":"ImageObject","inLanguage":"de","@id":"https:\/\/telcos-kst.de\/purspeed\/#\/schema\/logo\/image\/","url":"https:\/\/telcos-kst.de\/wp-content\/uploads\/2023\/09\/PPartner-1000-\u00d7-1000-px.png","contentUrl":"https:\/\/telcos-kst.de\/wp-content\/uploads\/2023\/09\/PPartner-1000-\u00d7-1000-px.png","width":1000,"height":1000,"caption":"telcos - kundenservice f\u00fcr telekommunikation"},"image":{"@id":"https:\/\/telcos-kst.de\/purspeed\/#\/schema\/logo\/image\/"}}]}},"_links":{"self":[{"href":"https:\/\/telcos-kst.de\/purspeed\/wp-json\/wp\/v2\/pages\/1958","targetHints":{"allow":["GET"]}}],"collection":[{"href":"https:\/\/telcos-kst.de\/purspeed\/wp-json\/wp\/v2\/pages"}],"about":[{"href":"https:\/\/telcos-kst.de\/purspeed\/wp-json\/wp\/v2\/types\/page"}],"author":[{"embeddable":true,"href":"https:\/\/telcos-kst.de\/purspeed\/wp-json\/wp\/v2\/users\/1"}],"replies":[{"embeddable":true,"href":"https:\/\/telcos-kst.de\/purspeed\/wp-json\/wp\/v2\/comments?post=1958"}],"version-history":[{"count":10,"href":"https:\/\/telcos-kst.de\/purspeed\/wp-json\/wp\/v2\/pages\/1958\/revisions"}],"predecessor-version":[{"id":2341,"href":"https:\/\/telcos-kst.de\/purspeed\/wp-json\/wp\/v2\/pages\/1958\/revisions\/2341"}],"up":[{"embeddable":true,"href":"https:\/\/telcos-kst.de\/purspeed\/wp-json\/wp\/v2\/pages\/1847"}],"wp:attachment":[{"href":"https:\/\/telcos-kst.de\/purspeed\/wp-json\/wp\/v2\/media?parent=1958"}],"curies":[{"name":"wp","href":"https:\/\/api.w.org\/{rel}","templated":true}]}}