{"id":954,"date":"2022-06-02T15:44:42","date_gmt":"2022-06-02T13:44:42","guid":{"rendered":"https:\/\/telcos-kst.de\/?page_id=954"},"modified":"2022-08-12T12:32:13","modified_gmt":"2022-08-12T10:32:13","slug":"impressum","status":"publish","type":"page","link":"https:\/\/telcos-kst.de\/purspeed\/impressum\/","title":{"rendered":"Impressum"},"content":{"rendered":"<div id=\"pl-954\"  class=\"panel-layout\" ><div id=\"pg-954-0\"  class=\"panel-grid panel-no-style\" ><div id=\"pgc-954-0-0\"  class=\"panel-grid-cell panel-grid-cell-empty\" ><\/div><div id=\"pgc-954-0-1\"  class=\"panel-grid-cell panel-grid-cell-mobile-last\" ><div id=\"panel-954-0-1-0\" class=\"widget_text so-panel widget widget_custom_html panel-first-child panel-last-child\" data-index=\"0\" ><h3 class=\"widget-title\">Impressum<\/h3><div class=\"textwidget custom-html-widget\"><h2>Angaben gem\u00e4\u00df \u00a7 5 TMG<\/h2>\n<p>Holger Kaminske<br \/>\ntelcos<br \/>\nkundenservice f\u00fcr telekommunikation<br \/>\nErnst-Cassel-Str. 25<br \/>\n51067 K\u00f6ln<\/p>\n\n<h2>Kontakt<\/h2>\n<p>Telefon: +49 172 218 95 63<br \/>\nE-Mail: kontakt(at)telcos-kst.de<\/p>\n\n<h2>Umsatzsteuer-ID<\/h2>\n<p>Umsatzsteuer-Identifikationsnummer gem\u00e4\u00df \u00a7 27 a Umsatzsteuergesetz:<br \/>\n218\/5115\/1700<\/p>\n\n<h2>Angaben zur Berufs\u00adhaftpflicht\u00adversicherung<\/h2>\n<p><strong>Geltungsraum der Versicherung:<\/strong><br \/>Deutschland<\/p>\n\n<h2>EU-Streitschlichtung<\/h2>\n<p>Die Europ\u00e4ische Kommission stellt eine Plattform zur Online-Streitbeilegung (OS) bereit: <a href=\"https:\/\/ec.europa.eu\/consumers\/odr\/\" target=\"_blank\" rel=\"noopener noreferrer\">https:\/\/ec.europa.eu\/consumers\/odr\/<\/a>.<br \/> Unsere E-Mail-Adresse finden Sie oben im Impressum.<\/p>\n\n<h2>Verbraucher\u00adstreit\u00adbeilegung\/Universal\u00adschlichtungs\u00adstelle<\/h2>\n<p>Wir sind nicht bereit oder verpflichtet, an Streitbeilegungsverfahren vor einer Verbraucherschlichtungsstelle teilzunehmen.<\/p>\n\n<\/div><\/div><\/div><div id=\"pgc-954-0-2\"  class=\"panel-grid-cell panel-grid-cell-empty\" ><\/div><\/div><\/div>","protected":false},"excerpt":{"rendered":"<p>ImpressumAngaben gem\u00e4\u00df \u00a7 5 TMG Holger Kaminske telcos kundenservice f\u00fcr telekommunikation Ernst-Cassel-Str. 25 51067 K\u00f6ln Kontakt Telefon: +49 172 218 95 63 E-Mail: kontakt(at)telcos-kst.de Umsatzsteuer-ID Umsatzsteuer-Identifikationsnummer gem\u00e4\u00df \u00a7 27 a Umsatzsteuergesetz: 218\/5115\/1700 Angaben zur Berufs\u00adhaftpflicht\u00adversicherung Geltungsraum der Versicherung:Deutschland EU-Streitschlichtung Die Europ\u00e4ische Kommission stellt eine Plattform zur Online-Streitbeilegung (OS) bereit: https:\/\/ec.europa.eu\/consumers\/odr\/. Unsere E-Mail-Adresse finden Sie oben [&hellip;]<\/p>\n","protected":false},"author":1,"featured_media":0,"parent":0,"menu_order":0,"comment_status":"closed","ping_status":"closed","template":"","meta":{"footnotes":""},"class_list":["post-954","page","type-page","status-publish","hentry","post"],"yoast_head":"<!-- This site is optimized with the Yoast SEO plugin v27.3 - https:\/\/yoast.com\/product\/yoast-seo-wordpress\/ -->\n<title>Impressum - P\u0178UR Vertriebspartner NRW<\/title>\n<meta name=\"robots\" content=\"index, follow, max-snippet:-1, max-image-preview:large, max-video-preview:-1\" \/>\n<link rel=\"canonical\" href=\"https:\/\/telcos-kst.de\/purspeed\/impressum\/\" \/>\n<meta property=\"og:locale\" content=\"de_DE\" \/>\n<meta property=\"og:type\" content=\"article\" \/>\n<meta property=\"og:title\" content=\"Impressum - P\u0178UR Vertriebspartner NRW\" \/>\n<meta property=\"og:description\" content=\"ImpressumAngaben gem\u00e4\u00df \u00a7 5 TMG Holger Kaminske telcos kundenservice f\u00fcr telekommunikation Ernst-Cassel-Str. 25 51067 K\u00f6ln Kontakt Telefon: +49 172 218 95 63 E-Mail: kontakt(at)telcos-kst.de Umsatzsteuer-ID Umsatzsteuer-Identifikationsnummer gem\u00e4\u00df \u00a7 27 a Umsatzsteuergesetz: 218\/5115\/1700 Angaben zur Berufs\u00adhaftpflicht\u00adversicherung Geltungsraum der Versicherung:Deutschland EU-Streitschlichtung Die Europ\u00e4ische Kommission stellt eine Plattform zur Online-Streitbeilegung (OS) bereit: https:\/\/ec.europa.eu\/consumers\/odr\/. Unsere E-Mail-Adresse finden Sie oben [&hellip;]\" \/>\n<meta property=\"og:url\" content=\"https:\/\/telcos-kst.de\/purspeed\/impressum\/\" \/>\n<meta property=\"og:site_name\" content=\"P\u0178UR Vertriebspartner NRW\" \/>\n<meta property=\"article:modified_time\" content=\"2022-08-12T10:32:13+00:00\" \/>\n<meta name=\"twitter:card\" content=\"summary_large_image\" \/>\n<meta name=\"twitter:label1\" content=\"Gesch\u00e4tzte Lesezeit\" \/>\n\t<meta name=\"twitter:data1\" content=\"1\u00a0Minute\" \/>\n<script type=\"application\/ld+json\" class=\"yoast-schema-graph\">{\"@context\":\"https:\\\/\\\/schema.org\",\"@graph\":[{\"@type\":\"WebPage\",\"@id\":\"https:\\\/\\\/telcos-kst.de\\\/purspeed\\\/impressum\\\/\",\"url\":\"https:\\\/\\\/telcos-kst.de\\\/purspeed\\\/impressum\\\/\",\"name\":\"Impressum - P\u0178UR Vertriebspartner NRW\",\"isPartOf\":{\"@id\":\"https:\\\/\\\/telcos-kst.de\\\/purspeed\\\/#website\"},\"datePublished\":\"2022-06-02T13:44:42+00:00\",\"dateModified\":\"2022-08-12T10:32:13+00:00\",\"breadcrumb\":{\"@id\":\"https:\\\/\\\/telcos-kst.de\\\/purspeed\\\/impressum\\\/#breadcrumb\"},\"inLanguage\":\"de\",\"potentialAction\":[{\"@type\":\"ReadAction\",\"target\":[\"https:\\\/\\\/telcos-kst.de\\\/purspeed\\\/impressum\\\/\"]}]},{\"@type\":\"BreadcrumbList\",\"@id\":\"https:\\\/\\\/telcos-kst.de\\\/purspeed\\\/impressum\\\/#breadcrumb\",\"itemListElement\":[{\"@type\":\"ListItem\",\"position\":1,\"name\":\"Startseite\",\"item\":\"https:\\\/\\\/telcos-kst.de\\\/purspeed\\\/\"},{\"@type\":\"ListItem\",\"position\":2,\"name\":\"Impressum\"}]},{\"@type\":\"WebSite\",\"@id\":\"https:\\\/\\\/telcos-kst.de\\\/purspeed\\\/#website\",\"url\":\"https:\\\/\\\/telcos-kst.de\\\/purspeed\\\/\",\"name\":\"P\u0178UR Vertriebspartner NRW\",\"description\":\"Internet - TV - Telefon - Multimedia f\u00fcr Ihr Zuhause\",\"publisher\":{\"@id\":\"https:\\\/\\\/telcos-kst.de\\\/purspeed\\\/#organization\"},\"potentialAction\":[{\"@type\":\"SearchAction\",\"target\":{\"@type\":\"EntryPoint\",\"urlTemplate\":\"https:\\\/\\\/telcos-kst.de\\\/purspeed\\\/?s={search_term_string}\"},\"query-input\":{\"@type\":\"PropertyValueSpecification\",\"valueRequired\":true,\"valueName\":\"search_term_string\"}}],\"inLanguage\":\"de\"},{\"@type\":\"Organization\",\"@id\":\"https:\\\/\\\/telcos-kst.de\\\/purspeed\\\/#organization\",\"name\":\"telcos - kundenservice f\u00fcr telekommunikation\",\"url\":\"https:\\\/\\\/telcos-kst.de\\\/purspeed\\\/\",\"logo\":{\"@type\":\"ImageObject\",\"inLanguage\":\"de\",\"@id\":\"https:\\\/\\\/telcos-kst.de\\\/purspeed\\\/#\\\/schema\\\/logo\\\/image\\\/\",\"url\":\"https:\\\/\\\/telcos-kst.de\\\/wp-content\\\/uploads\\\/2023\\\/09\\\/PPartner-1000-\u00d7-1000-px.png\",\"contentUrl\":\"https:\\\/\\\/telcos-kst.de\\\/wp-content\\\/uploads\\\/2023\\\/09\\\/PPartner-1000-\u00d7-1000-px.png\",\"width\":1000,\"height\":1000,\"caption\":\"telcos - kundenservice f\u00fcr telekommunikation\"},\"image\":{\"@id\":\"https:\\\/\\\/telcos-kst.de\\\/purspeed\\\/#\\\/schema\\\/logo\\\/image\\\/\"}}]}<\/script>\n<!-- \/ Yoast SEO plugin. -->","yoast_head_json":{"title":"Impressum - P\u0178UR Vertriebspartner NRW","robots":{"index":"index","follow":"follow","max-snippet":"max-snippet:-1","max-image-preview":"max-image-preview:large","max-video-preview":"max-video-preview:-1"},"canonical":"https:\/\/telcos-kst.de\/purspeed\/impressum\/","og_locale":"de_DE","og_type":"article","og_title":"Impressum - P\u0178UR Vertriebspartner NRW","og_description":"ImpressumAngaben gem\u00e4\u00df \u00a7 5 TMG Holger Kaminske telcos kundenservice f\u00fcr telekommunikation Ernst-Cassel-Str. 25 51067 K\u00f6ln Kontakt Telefon: +49 172 218 95 63 E-Mail: kontakt(at)telcos-kst.de Umsatzsteuer-ID Umsatzsteuer-Identifikationsnummer gem\u00e4\u00df \u00a7 27 a Umsatzsteuergesetz: 218\/5115\/1700 Angaben zur Berufs\u00adhaftpflicht\u00adversicherung Geltungsraum der Versicherung:Deutschland EU-Streitschlichtung Die Europ\u00e4ische Kommission stellt eine Plattform zur Online-Streitbeilegung (OS) bereit: https:\/\/ec.europa.eu\/consumers\/odr\/. Unsere E-Mail-Adresse finden Sie oben [&hellip;]","og_url":"https:\/\/telcos-kst.de\/purspeed\/impressum\/","og_site_name":"P\u0178UR Vertriebspartner NRW","article_modified_time":"2022-08-12T10:32:13+00:00","twitter_card":"summary_large_image","twitter_misc":{"Gesch\u00e4tzte Lesezeit":"1\u00a0Minute"},"schema":{"@context":"https:\/\/schema.org","@graph":[{"@type":"WebPage","@id":"https:\/\/telcos-kst.de\/purspeed\/impressum\/","url":"https:\/\/telcos-kst.de\/purspeed\/impressum\/","name":"Impressum - P\u0178UR Vertriebspartner NRW","isPartOf":{"@id":"https:\/\/telcos-kst.de\/purspeed\/#website"},"datePublished":"2022-06-02T13:44:42+00:00","dateModified":"2022-08-12T10:32:13+00:00","breadcrumb":{"@id":"https:\/\/telcos-kst.de\/purspeed\/impressum\/#breadcrumb"},"inLanguage":"de","potentialAction":[{"@type":"ReadAction","target":["https:\/\/telcos-kst.de\/purspeed\/impressum\/"]}]},{"@type":"BreadcrumbList","@id":"https:\/\/telcos-kst.de\/purspeed\/impressum\/#breadcrumb","itemListElement":[{"@type":"ListItem","position":1,"name":"Startseite","item":"https:\/\/telcos-kst.de\/purspeed\/"},{"@type":"ListItem","position":2,"name":"Impressum"}]},{"@type":"WebSite","@id":"https:\/\/telcos-kst.de\/purspeed\/#website","url":"https:\/\/telcos-kst.de\/purspeed\/","name":"P\u0178UR Vertriebspartner NRW","description":"Internet - TV - Telefon - Multimedia f\u00fcr Ihr Zuhause","publisher":{"@id":"https:\/\/telcos-kst.de\/purspeed\/#organization"},"potentialAction":[{"@type":"SearchAction","target":{"@type":"EntryPoint","urlTemplate":"https:\/\/telcos-kst.de\/purspeed\/?s={search_term_string}"},"query-input":{"@type":"PropertyValueSpecification","valueRequired":true,"valueName":"search_term_string"}}],"inLanguage":"de"},{"@type":"Organization","@id":"https:\/\/telcos-kst.de\/purspeed\/#organization","name":"telcos - kundenservice f\u00fcr telekommunikation","url":"https:\/\/telcos-kst.de\/purspeed\/","logo":{"@type":"ImageObject","inLanguage":"de","@id":"https:\/\/telcos-kst.de\/purspeed\/#\/schema\/logo\/image\/","url":"https:\/\/telcos-kst.de\/wp-content\/uploads\/2023\/09\/PPartner-1000-\u00d7-1000-px.png","contentUrl":"https:\/\/telcos-kst.de\/wp-content\/uploads\/2023\/09\/PPartner-1000-\u00d7-1000-px.png","width":1000,"height":1000,"caption":"telcos - kundenservice f\u00fcr telekommunikation"},"image":{"@id":"https:\/\/telcos-kst.de\/purspeed\/#\/schema\/logo\/image\/"}}]}},"_links":{"self":[{"href":"https:\/\/telcos-kst.de\/purspeed\/wp-json\/wp\/v2\/pages\/954","targetHints":{"allow":["GET"]}}],"collection":[{"href":"https:\/\/telcos-kst.de\/purspeed\/wp-json\/wp\/v2\/pages"}],"about":[{"href":"https:\/\/telcos-kst.de\/purspeed\/wp-json\/wp\/v2\/types\/page"}],"author":[{"embeddable":true,"href":"https:\/\/telcos-kst.de\/purspeed\/wp-json\/wp\/v2\/users\/1"}],"replies":[{"embeddable":true,"href":"https:\/\/telcos-kst.de\/purspeed\/wp-json\/wp\/v2\/comments?post=954"}],"version-history":[{"count":5,"href":"https:\/\/telcos-kst.de\/purspeed\/wp-json\/wp\/v2\/pages\/954\/revisions"}],"predecessor-version":[{"id":1398,"href":"https:\/\/telcos-kst.de\/purspeed\/wp-json\/wp\/v2\/pages\/954\/revisions\/1398"}],"wp:attachment":[{"href":"https:\/\/telcos-kst.de\/purspeed\/wp-json\/wp\/v2\/media?parent=954"}],"curies":[{"name":"wp","href":"https:\/\/api.w.org\/{rel}","templated":true}]}}